{"id":318,"date":"2023-02-25T18:13:06","date_gmt":"2023-02-25T18:13:06","guid":{"rendered":"https:\/\/maxicorte.mx\/home-3\/"},"modified":"2024-11-30T21:05:14","modified_gmt":"2024-11-30T21:05:14","slug":"home-3","status":"publish","type":"page","link":"https:\/\/maxicorte.mx\/23\/","title":{"rendered":"Home"},"content":{"rendered":"<style>\/*! elementor - v3.11.5 - 14-03-2023 *\/<br \/>\n.elementor-heading-title{padding:0;margin:0;line-height:1}.elementor-widget-heading .elementor-heading-title[class*=elementor-size-]>a{color:inherit;font-size:inherit;line-height:inherit}.elementor-widget-heading .elementor-heading-title.elementor-size-small{font-size:15px}.elementor-widget-heading .elementor-heading-title.elementor-size-medium{font-size:19px}.elementor-widget-heading .elementor-heading-title.elementor-size-large{font-size:29px}.elementor-widget-heading .elementor-heading-title.elementor-size-xl{font-size:39px}.elementor-widget-heading .elementor-heading-title.elementor-size-xxl{font-size:59px}<\/style>\n<h1>Corte con chorro de agua<\/h1>\n<p>Somos especialistas en corte con agua, con mas de 15 a\u00f1os de experiencia.<\/p>\n<style>\/*! elementor - v3.11.5 - 14-03-2023 *\/<br \/>\n.elementor-widget-image-carousel .swiper,.elementor-widget-image-carousel .swiper-container{position:static}.elementor-widget-image-carousel .swiper-container .swiper-slide figure,.elementor-widget-image-carousel .swiper .swiper-slide figure{line-height:inherit}.elementor-widget-image-carousel .swiper-slide{text-align:center}.elementor-image-carousel-wrapper:not(.swiper-container-initialized) .swiper-slide,.elementor-image-carousel-wrapper:not(.swiper-initialized) .swiper-slide{max-width:calc(100% \/ var(--e-image-carousel-slides-to-show, 3))}<\/style>\n<figure><img decoding=\"async\" src=\"https:\/\/maxicorte.mx\/23\/wp-content\/uploads\/2023\/03\/pngegg-10-1-768x624.webp\" alt=\"engranes\" \/><\/figure>\n<figure><img decoding=\"async\" src=\"https:\/\/maxicorte.mx\/23\/wp-content\/uploads\/2023\/03\/pngegg-9-768x529.png\" alt=\"engrane\" \/><\/figure>\n<figure><img decoding=\"async\" src=\"https:\/\/maxicorte.mx\/23\/wp-content\/uploads\/2023\/03\/MedallionMarblePiso-1.jpeg\" alt=\"piso de vidrio y m\u00e1rmol\" \/><\/figure>\n<h5>\u00bfNo tienes dise\u00f1o?<\/h5>\n<h2>\u00a1Nosotros lo dise\u00f1amos!<\/h2>\n<p>Te ofrecemos el servicio de dise\u00f1o mec\u00e1nico y prototipado<\/p>\n<p><a role=\"button\"><br \/>\nCOTIZA yA!<br \/>\n<\/a><\/p>\n<h5>Valor agregado<\/h5>\n<h2>\u00bfpor qu\u00e9 deber\u00edas de elegirnos?<\/h2>\n<p>Somos la primer empresa de manufactura en M\u00e9xico trabajando con AI, tenemos un enfoque 100% al cliente y trabajamos 24\/7 si es necesario<\/p>\n<p><a role=\"button\"><br \/>\nVe los proyectos<br \/>\n<\/a><\/p>\n<h4>Eres lo mas importante<\/h4>\n<p>Sin ti nuestra empresa no existir\u00eda y nos tomamos muy en serio tus proyectos<\/p>\n<h4>Somos Creativos<\/h4>\n<p>Siempre buscaremos una forma de hacerlo posibe<\/p>\n<p><a role=\"button\" href=\"#\"><br \/>\nLearn More<br \/>\n<\/a><\/p>\n<h4>24\/7<\/h4>\n<p>Somos capaces de trabajar 24\/7 para entregar tu proyecto a tiempo<\/p>\n<h4>Tecnolog\u00eda<\/h4>\n<p>Somos una empresa que trabaja con tecnolog\u00eda para cotizar, dise\u00f1ar, cortar y en cualquier proceso<\/p>\n<p><a role=\"button\" href=\"#\"><br \/>\nLearn More<br \/>\n<\/a><\/p>\n<h5>Ve nuestro trabajo<\/h5>\n<h2>GALER\u00cdA<\/h2>\n<p>Cortamos y trabajamos con cualquier material: metal, pl\u00e1stico, espuma, EPDM, vidrio, m\u00e1rmol, granito, alucobond y pr\u00e1cticamente cualquier material.<\/p>\n<h5>Dise\u00f1o de piezas<\/h5>\n<h5>Maquinados<\/h5>\n<h5>Corte hasta 8 pulgadas de espesor<\/h5>\n<h5>Celos\u00edas<\/h5>\n<p><a role=\"button\"><br \/>\nGaler\u00eda Proyectos<br \/>\n<\/a><\/p>\n<h5>Calificaciones<\/h5>\n<h2>Ve lo que dicen nuestros clientes<\/h2>\n<p>Unos cortes muy dif\u00edciles y todo salio muy bien!<br \/>\n<cite>Jorge ZuartHeboni Arquitectura<\/cite><br \/>\nExcelente servicio. Corte y acabado de muy buena calidad. El tiempo de entrega fue r\u00e1pido. En todo momento me dieron respuesta y seguimiento oportuno.<br \/>\n<cite>RafaelFuerza Mess<\/cite><br \/>\nExcelente producto pero ante todo la atenci\u00f3n y el compromiso con el cliente es incre\u00edble<br \/>\n<cite>GermanDifam<\/cite><\/p>\n<h5>Algunos clientes<\/h5>\n<figure><img decoding=\"async\" src=\"https:\/\/maxicorte.mx\/23\/wp-content\/uploads\/2023\/02\/softy-1.svg\" alt=\"softy-1.svg\" \/><\/figure>\n<figure><img decoding=\"async\" src=\"https:\/\/maxicorte.mx\/23\/wp-content\/uploads\/2023\/02\/Group-747-1.svg\" alt=\"Group-747-1.svg\" \/><\/figure>\n<figure><img decoding=\"async\" src=\"https:\/\/maxicorte.mx\/23\/wp-content\/uploads\/2023\/02\/bueno-1.svg\" alt=\"bueno-1.svg\" \/><\/figure>\n<figure><img decoding=\"async\" src=\"https:\/\/maxicorte.mx\/23\/wp-content\/uploads\/2023\/02\/Group-745-1.svg\" alt=\"Group-745-1.svg\" \/><\/figure>\n<figure><img decoding=\"async\" src=\"https:\/\/maxicorte.mx\/23\/wp-content\/uploads\/2023\/02\/cela-1.svg\" alt=\"cela-1.svg\" \/><\/figure>\n<figure><img decoding=\"async\" src=\"https:\/\/maxicorte.mx\/23\/wp-content\/uploads\/2023\/02\/Group-1104-1.svg\" alt=\"Group-1104-1.svg\" \/><\/figure>\n","protected":false},"excerpt":{"rendered":"<p>Corte con chorro de agua Somos especialistas en corte con agua, con mas de 15 a\u00f1os de experiencia. \u00bfNo tienes dise\u00f1o? \u00a1Nosotros lo dise\u00f1amos! Te ofrecemos el servicio de dise\u00f1o mec\u00e1nico y prototipado COTIZA yA! Valor agregado \u00bfpor qu\u00e9 deber\u00edas de elegirnos? Somos la primer empresa de manufactura en M\u00e9xico trabajando con AI, tenemos un [&hellip;]<\/p>\n","protected":false},"author":1,"featured_media":0,"parent":0,"menu_order":0,"comment_status":"closed","ping_status":"closed","template":"elementor_header_footer","meta":{"site-sidebar-layout":"default","site-content-layout":"default","ast-site-content-layout":"default","site-content-style":"default","site-sidebar-style":"default","ast-global-header-display":"","ast-banner-title-visibility":"","ast-main-header-display":"","ast-hfb-above-header-display":"","ast-hfb-below-header-display":"","ast-hfb-mobile-header-display":"","site-post-title":"","ast-breadcrumbs-content":"","ast-featured-img":"","footer-sml-layout":"","theme-transparent-header-meta":"default","adv-header-id-meta":"","stick-header-meta":"","header-above-stick-meta":"","header-main-stick-meta":"","header-below-stick-meta":"","astra-migrate-meta-layouts":"set","ast-page-background-enabled":"default","ast-page-background-meta":{"desktop":{"background-color":"var(--ast-global-color-4)","background-image":"","background-repeat":"repeat","background-position":"center center","background-size":"auto","background-attachment":"scroll","background-type":"","background-media":"","overlay-type":"","overlay-color":"","overlay-opacity":"","overlay-gradient":""},"tablet":{"background-color":"","background-image":"","background-repeat":"repeat","background-position":"center center","background-size":"auto","background-attachment":"scroll","background-type":"","background-media":"","overlay-type":"","overlay-color":"","overlay-opacity":"","overlay-gradient":""},"mobile":{"background-color":"","background-image":"","background-repeat":"repeat","background-position":"center center","background-size":"auto","background-attachment":"scroll","background-type":"","background-media":"","overlay-type":"","overlay-color":"","overlay-opacity":"","overlay-gradient":""}},"ast-content-background-meta":{"desktop":{"background-color":"var(--ast-global-color-5)","background-image":"","background-repeat":"repeat","background-position":"center center","background-size":"auto","background-attachment":"scroll","background-type":"","background-media":"","overlay-type":"","overlay-color":"","overlay-opacity":"","overlay-gradient":""},"tablet":{"background-color":"var(--ast-global-color-5)","background-image":"","background-repeat":"repeat","background-position":"center center","background-size":"auto","background-attachment":"scroll","background-type":"","background-media":"","overlay-type":"","overlay-color":"","overlay-opacity":"","overlay-gradient":""},"mobile":{"background-color":"var(--ast-global-color-5)","background-image":"","background-repeat":"repeat","background-position":"center center","background-size":"auto","background-attachment":"scroll","background-type":"","background-media":"","overlay-type":"","overlay-color":"","overlay-opacity":"","overlay-gradient":""}},"_joinchat":[],"footnotes":""},"class_list":["post-318","page","type-page","status-publish","hentry"],"_links":{"self":[{"href":"https:\/\/maxicorte.mx\/23\/wp-json\/wp\/v2\/pages\/318","targetHints":{"allow":["GET"]}}],"collection":[{"href":"https:\/\/maxicorte.mx\/23\/wp-json\/wp\/v2\/pages"}],"about":[{"href":"https:\/\/maxicorte.mx\/23\/wp-json\/wp\/v2\/types\/page"}],"author":[{"embeddable":true,"href":"https:\/\/maxicorte.mx\/23\/wp-json\/wp\/v2\/users\/1"}],"replies":[{"embeddable":true,"href":"https:\/\/maxicorte.mx\/23\/wp-json\/wp\/v2\/comments?post=318"}],"version-history":[{"count":121,"href":"https:\/\/maxicorte.mx\/23\/wp-json\/wp\/v2\/pages\/318\/revisions"}],"predecessor-version":[{"id":865,"href":"https:\/\/maxicorte.mx\/23\/wp-json\/wp\/v2\/pages\/318\/revisions\/865"}],"wp:attachment":[{"href":"https:\/\/maxicorte.mx\/23\/wp-json\/wp\/v2\/media?parent=318"}],"curies":[{"name":"wp","href":"https:\/\/api.w.org\/{rel}","templated":true}]}}